{"id":22,"date":"2023-02-14T11:00:43","date_gmt":"2023-02-14T11:00:43","guid":{"rendered":"http:\/\/taxijerezcadiz.com\/?page_id=22"},"modified":"2023-03-27T09:56:24","modified_gmt":"2023-03-27T09:56:24","slug":"nosotros","status":"publish","type":"page","link":"https:\/\/taxijerezcadiz.com\/en\/nosotros\/","title":{"rendered":"About"},"content":{"rendered":"<div data-elementor-type=\"wp-page\" data-elementor-id=\"22\" class=\"elementor elementor-22\" data-elementor-post-type=\"page\">\n\t\t\t\t\t\t<section class=\"elementor-section elementor-top-section elementor-element elementor-element-d2a7e00 elementor-section-full_width elementor-section-stretched elementor-section-height-default elementor-section-height-default\" data-id=\"d2a7e00\" data-element_type=\"section\" data-e-type=\"section\" data-settings=\"{&quot;stretch_section&quot;:&quot;section-stretched&quot;}\">\n\t\t\t\t\t\t\t<div class=\"elementor-background-overlay\"><\/div>\n\t\t\t\t\t\t\t<div class=\"elementor-container elementor-column-gap-default\">\n\t\t\t\t\t<div class=\"elementor-column elementor-col-100 elementor-top-column elementor-element elementor-element-48989da\" data-id=\"48989da\" data-element_type=\"column\" data-e-type=\"column\">\n\t\t\t<div class=\"elementor-widget-wrap\">\n\t\t\t\t\t\t\t<\/div>\n\t\t<\/div>\n\t\t\t\t\t<\/div>\n\t\t<\/section>\n\t\t\t\t<section class=\"elementor-section elementor-top-section elementor-element elementor-element-aaadfff elementor-section-boxed elementor-section-height-default elementor-section-height-default elementor-invisible\" data-id=\"aaadfff\" data-element_type=\"section\" data-e-type=\"section\" data-settings=\"{&quot;animation&quot;:&quot;fadeIn&quot;}\">\n\t\t\t\t\t\t<div class=\"elementor-container elementor-column-gap-default\">\n\t\t\t\t\t<div class=\"elementor-column elementor-col-100 elementor-top-column elementor-element elementor-element-3c87f93\" data-id=\"3c87f93\" data-element_type=\"column\" data-e-type=\"column\">\n\t\t\t<div class=\"elementor-widget-wrap elementor-element-populated\">\n\t\t\t\t\t\t<div class=\"elementor-element elementor-element-4e37f0c elementor-widget elementor-widget-heading\" data-id=\"4e37f0c\" data-element_type=\"widget\" data-e-type=\"widget\" data-widget_type=\"heading.default\">\n\t\t\t\t<div class=\"elementor-widget-container\">\n\t\t\t\t\t<h2 class=\"elementor-heading-title elementor-size-default\">About<\/h2>\t\t\t\t<\/div>\n\t\t\t\t<\/div>\n\t\t\t\t\t<\/div>\n\t\t<\/div>\n\t\t\t\t\t<\/div>\n\t\t<\/section>\n\t\t\t\t<section class=\"elementor-section elementor-top-section elementor-element elementor-element-55802d6 elementor-section-boxed elementor-section-height-default elementor-section-height-default elementor-invisible\" data-id=\"55802d6\" data-element_type=\"section\" data-e-type=\"section\" data-settings=\"{&quot;animation&quot;:&quot;fadeInLeft&quot;}\">\n\t\t\t\t\t\t<div class=\"elementor-container elementor-column-gap-default\">\n\t\t\t\t\t<div class=\"elementor-column elementor-col-50 elementor-top-column elementor-element elementor-element-c1fde85\" data-id=\"c1fde85\" data-element_type=\"column\" data-e-type=\"column\">\n\t\t\t<div class=\"elementor-widget-wrap elementor-element-populated\">\n\t\t\t\t\t\t<div class=\"elementor-element elementor-element-15a58fd elementor-widget elementor-widget-image\" data-id=\"15a58fd\" data-element_type=\"widget\" data-e-type=\"widget\" data-widget_type=\"image.default\">\n\t\t\t\t<div class=\"elementor-widget-container\">\n\t\t\t\t\t\t\t\t\t\t\t\t\t\t\t<img fetchpriority=\"high\" decoding=\"async\" width=\"1493\" height=\"996\" src=\"https:\/\/taxijerezcadiz.com\/wp-content\/uploads\/2023\/02\/conductor_pasajero.jpg\" class=\"attachment-full size-full wp-image-139\" alt=\"\" srcset=\"https:\/\/taxijerezcadiz.com\/wp-content\/uploads\/2023\/02\/conductor_pasajero.jpg 1493w, https:\/\/taxijerezcadiz.com\/wp-content\/uploads\/2023\/02\/conductor_pasajero-300x200.jpg 300w, https:\/\/taxijerezcadiz.com\/wp-content\/uploads\/2023\/02\/conductor_pasajero-1024x683.jpg 1024w, https:\/\/taxijerezcadiz.com\/wp-content\/uploads\/2023\/02\/conductor_pasajero-768x512.jpg 768w\" sizes=\"(max-width: 1493px) 100vw, 1493px\" \/>\t\t\t\t\t\t\t\t\t\t\t\t\t\t\t<\/div>\n\t\t\t\t<\/div>\n\t\t\t\t\t<\/div>\n\t\t<\/div>\n\t\t\t\t<div class=\"elementor-column elementor-col-50 elementor-top-column elementor-element elementor-element-bf5b40e\" data-id=\"bf5b40e\" data-element_type=\"column\" data-e-type=\"column\">\n\t\t\t<div class=\"elementor-widget-wrap elementor-element-populated\">\n\t\t\t\t\t\t<div class=\"elementor-element elementor-element-08a8414 elementor-widget elementor-widget-text-editor\" data-id=\"08a8414\" data-element_type=\"widget\" data-e-type=\"widget\" data-widget_type=\"text-editor.default\">\n\t\t\t\t<div class=\"elementor-widget-container\">\n\t\t\t\t\t\t\t\t\t<p>After years of experience at customer service, our goal is for each Transfer to meet your expectations, offering you seriousness, punctuality, and commitment.<br \/>We have a fleet of high-end hybrid and 7-seater vehicles\/for people with reduced mobility.<br \/>We guarantee the best service at the best price.<br \/>We have information on visits, main places of interest, routes, gastronomy, as a complement to your stay in the area.<\/p>\t\t\t\t\t\t\t\t<\/div>\n\t\t\t\t<\/div>\n\t\t\t\t\t<\/div>\n\t\t<\/div>\n\t\t\t\t\t<\/div>\n\t\t<\/section>\n\t\t\t\t<\/div>","protected":false},"excerpt":{"rendered":"<p>Nosotros Tras a\u00f1os de experiencia al servicio del cliente nuestro objetivo es que cada Transfer cumpla con sus expectativas ofreci\u00e9ndole seriedad, puntualidad y compromiso.Contamos con una flota de veh\u00edculos de alta gama h\u00edbridos y de 7 plazas\/para personas con movilidad reducida.Le garantizamos el mejor servicio al mejor precio.Disponemos de informaci\u00f3n de visitas, principales lugares de [&hellip;]<\/p>\n","protected":false},"author":1,"featured_media":0,"parent":0,"menu_order":0,"comment_status":"closed","ping_status":"open","template":"","meta":{"_joinchat":[],"footnotes":""},"class_list":["post-22","page","type-page","status-publish","hentry"],"yoast_head":"<!-- This site is optimized with the Yoast SEO plugin v27.3 - https:\/\/yoast.com\/product\/yoast-seo-wordpress\/ -->\n<title>Nosotros - Taxi Jerez C\u00e1diz<\/title>\n<meta name=\"robots\" content=\"index, follow, max-snippet:-1, max-image-preview:large, max-video-preview:-1\" \/>\n<link rel=\"canonical\" href=\"https:\/\/taxijerezcadiz.com\/en\/nosotros\/\" \/>\n<meta property=\"og:locale\" content=\"en_GB\" \/>\n<meta property=\"og:type\" content=\"article\" \/>\n<meta property=\"og:title\" content=\"Nosotros - Taxi Jerez C\u00e1diz\" \/>\n<meta property=\"og:description\" content=\"Nosotros Tras a\u00f1os de experiencia al servicio del cliente nuestro objetivo es que cada Transfer cumpla con sus expectativas ofreci\u00e9ndole seriedad, puntualidad y compromiso.Contamos con una flota de veh\u00edculos de alta gama h\u00edbridos y de 7 plazas\/para personas con movilidad reducida.Le garantizamos el mejor servicio al mejor precio.Disponemos de informaci\u00f3n de visitas, principales lugares de [&hellip;]\" \/>\n<meta property=\"og:url\" content=\"https:\/\/taxijerezcadiz.com\/en\/nosotros\/\" \/>\n<meta property=\"og:site_name\" content=\"Taxi Jerez C\u00e1diz\" \/>\n<meta property=\"article:modified_time\" content=\"2023-03-27T09:56:24+00:00\" \/>\n<meta property=\"og:image\" content=\"https:\/\/taxijerezcadiz.com\/wp-content\/uploads\/2023\/02\/conductor_pasajero.jpg\" \/>\n<meta name=\"twitter:card\" content=\"summary_large_image\" \/>\n<meta name=\"twitter:label1\" content=\"Estimated reading time\" \/>\n\t<meta name=\"twitter:data1\" content=\"1 minute\" \/>\n<script type=\"application\/ld+json\" class=\"yoast-schema-graph\">{\"@context\":\"https:\\\/\\\/schema.org\",\"@graph\":[{\"@type\":\"WebPage\",\"@id\":\"https:\\\/\\\/taxijerezcadiz.com\\\/nosotros\\\/\",\"url\":\"https:\\\/\\\/taxijerezcadiz.com\\\/nosotros\\\/\",\"name\":\"Nosotros - Taxi Jerez C\u00e1diz\",\"isPartOf\":{\"@id\":\"https:\\\/\\\/taxijerezcadiz.com\\\/#website\"},\"primaryImageOfPage\":{\"@id\":\"https:\\\/\\\/taxijerezcadiz.com\\\/nosotros\\\/#primaryimage\"},\"image\":{\"@id\":\"https:\\\/\\\/taxijerezcadiz.com\\\/nosotros\\\/#primaryimage\"},\"thumbnailUrl\":\"http:\\\/\\\/taxijerezcadiz.com\\\/wp-content\\\/uploads\\\/2023\\\/02\\\/conductor_pasajero.jpg\",\"datePublished\":\"2023-02-14T11:00:43+00:00\",\"dateModified\":\"2023-03-27T09:56:24+00:00\",\"breadcrumb\":{\"@id\":\"https:\\\/\\\/taxijerezcadiz.com\\\/nosotros\\\/#breadcrumb\"},\"inLanguage\":\"en-GB\",\"potentialAction\":[{\"@type\":\"ReadAction\",\"target\":[\"https:\\\/\\\/taxijerezcadiz.com\\\/nosotros\\\/\"]}]},{\"@type\":\"ImageObject\",\"inLanguage\":\"en-GB\",\"@id\":\"https:\\\/\\\/taxijerezcadiz.com\\\/nosotros\\\/#primaryimage\",\"url\":\"http:\\\/\\\/taxijerezcadiz.com\\\/wp-content\\\/uploads\\\/2023\\\/02\\\/conductor_pasajero.jpg\",\"contentUrl\":\"http:\\\/\\\/taxijerezcadiz.com\\\/wp-content\\\/uploads\\\/2023\\\/02\\\/conductor_pasajero.jpg\"},{\"@type\":\"BreadcrumbList\",\"@id\":\"https:\\\/\\\/taxijerezcadiz.com\\\/nosotros\\\/#breadcrumb\",\"itemListElement\":[{\"@type\":\"ListItem\",\"position\":1,\"name\":\"Portada\",\"item\":\"https:\\\/\\\/taxijerezcadiz.com\\\/\"},{\"@type\":\"ListItem\",\"position\":2,\"name\":\"Nosotros\"}]},{\"@type\":\"WebSite\",\"@id\":\"https:\\\/\\\/taxijerezcadiz.com\\\/#website\",\"url\":\"https:\\\/\\\/taxijerezcadiz.com\\\/\",\"name\":\"Taxi Jerez C\u00e1diz\",\"description\":\"\",\"publisher\":{\"@id\":\"https:\\\/\\\/taxijerezcadiz.com\\\/#organization\"},\"potentialAction\":[{\"@type\":\"SearchAction\",\"target\":{\"@type\":\"EntryPoint\",\"urlTemplate\":\"https:\\\/\\\/taxijerezcadiz.com\\\/?s={search_term_string}\"},\"query-input\":{\"@type\":\"PropertyValueSpecification\",\"valueRequired\":true,\"valueName\":\"search_term_string\"}}],\"inLanguage\":\"en-GB\"},{\"@type\":\"Organization\",\"@id\":\"https:\\\/\\\/taxijerezcadiz.com\\\/#organization\",\"name\":\"Taxi Jerez C\u00e1diz\",\"url\":\"https:\\\/\\\/taxijerezcadiz.com\\\/\",\"logo\":{\"@type\":\"ImageObject\",\"inLanguage\":\"en-GB\",\"@id\":\"https:\\\/\\\/taxijerezcadiz.com\\\/#\\\/schema\\\/logo\\\/image\\\/\",\"url\":\"https:\\\/\\\/taxijerezcadiz.com\\\/wp-content\\\/uploads\\\/2023\\\/02\\\/logo_taxi.png\",\"contentUrl\":\"https:\\\/\\\/taxijerezcadiz.com\\\/wp-content\\\/uploads\\\/2023\\\/02\\\/logo_taxi.png\",\"width\":801,\"height\":801,\"caption\":\"Taxi Jerez C\u00e1diz\"},\"image\":{\"@id\":\"https:\\\/\\\/taxijerezcadiz.com\\\/#\\\/schema\\\/logo\\\/image\\\/\"}}]}<\/script>\n<!-- \/ Yoast SEO plugin. -->","yoast_head_json":{"title":"Nosotros - Taxi Jerez C\u00e1diz","robots":{"index":"index","follow":"follow","max-snippet":"max-snippet:-1","max-image-preview":"max-image-preview:large","max-video-preview":"max-video-preview:-1"},"canonical":"https:\/\/taxijerezcadiz.com\/en\/nosotros\/","og_locale":"en_GB","og_type":"article","og_title":"Nosotros - Taxi Jerez C\u00e1diz","og_description":"Nosotros Tras a\u00f1os de experiencia al servicio del cliente nuestro objetivo es que cada Transfer cumpla con sus expectativas ofreci\u00e9ndole seriedad, puntualidad y compromiso.Contamos con una flota de veh\u00edculos de alta gama h\u00edbridos y de 7 plazas\/para personas con movilidad reducida.Le garantizamos el mejor servicio al mejor precio.Disponemos de informaci\u00f3n de visitas, principales lugares de [&hellip;]","og_url":"https:\/\/taxijerezcadiz.com\/en\/nosotros\/","og_site_name":"Taxi Jerez C\u00e1diz","article_modified_time":"2023-03-27T09:56:24+00:00","og_image":[{"url":"https:\/\/taxijerezcadiz.com\/wp-content\/uploads\/2023\/02\/conductor_pasajero.jpg","type":"","width":"","height":""}],"twitter_card":"summary_large_image","twitter_misc":{"Estimated reading time":"1 minute"},"schema":{"@context":"https:\/\/schema.org","@graph":[{"@type":"WebPage","@id":"https:\/\/taxijerezcadiz.com\/nosotros\/","url":"https:\/\/taxijerezcadiz.com\/nosotros\/","name":"Nosotros - Taxi Jerez C\u00e1diz","isPartOf":{"@id":"https:\/\/taxijerezcadiz.com\/#website"},"primaryImageOfPage":{"@id":"https:\/\/taxijerezcadiz.com\/nosotros\/#primaryimage"},"image":{"@id":"https:\/\/taxijerezcadiz.com\/nosotros\/#primaryimage"},"thumbnailUrl":"http:\/\/taxijerezcadiz.com\/wp-content\/uploads\/2023\/02\/conductor_pasajero.jpg","datePublished":"2023-02-14T11:00:43+00:00","dateModified":"2023-03-27T09:56:24+00:00","breadcrumb":{"@id":"https:\/\/taxijerezcadiz.com\/nosotros\/#breadcrumb"},"inLanguage":"en-GB","potentialAction":[{"@type":"ReadAction","target":["https:\/\/taxijerezcadiz.com\/nosotros\/"]}]},{"@type":"ImageObject","inLanguage":"en-GB","@id":"https:\/\/taxijerezcadiz.com\/nosotros\/#primaryimage","url":"http:\/\/taxijerezcadiz.com\/wp-content\/uploads\/2023\/02\/conductor_pasajero.jpg","contentUrl":"http:\/\/taxijerezcadiz.com\/wp-content\/uploads\/2023\/02\/conductor_pasajero.jpg"},{"@type":"BreadcrumbList","@id":"https:\/\/taxijerezcadiz.com\/nosotros\/#breadcrumb","itemListElement":[{"@type":"ListItem","position":1,"name":"Portada","item":"https:\/\/taxijerezcadiz.com\/"},{"@type":"ListItem","position":2,"name":"Nosotros"}]},{"@type":"WebSite","@id":"https:\/\/taxijerezcadiz.com\/#website","url":"https:\/\/taxijerezcadiz.com\/","name":"Taxi Jerez C\u00e1diz","description":"","publisher":{"@id":"https:\/\/taxijerezcadiz.com\/#organization"},"potentialAction":[{"@type":"SearchAction","target":{"@type":"EntryPoint","urlTemplate":"https:\/\/taxijerezcadiz.com\/?s={search_term_string}"},"query-input":{"@type":"PropertyValueSpecification","valueRequired":true,"valueName":"search_term_string"}}],"inLanguage":"en-GB"},{"@type":"Organization","@id":"https:\/\/taxijerezcadiz.com\/#organization","name":"Taxi Jerez C\u00e1diz","url":"https:\/\/taxijerezcadiz.com\/","logo":{"@type":"ImageObject","inLanguage":"en-GB","@id":"https:\/\/taxijerezcadiz.com\/#\/schema\/logo\/image\/","url":"https:\/\/taxijerezcadiz.com\/wp-content\/uploads\/2023\/02\/logo_taxi.png","contentUrl":"https:\/\/taxijerezcadiz.com\/wp-content\/uploads\/2023\/02\/logo_taxi.png","width":801,"height":801,"caption":"Taxi Jerez C\u00e1diz"},"image":{"@id":"https:\/\/taxijerezcadiz.com\/#\/schema\/logo\/image\/"}}]}},"_links":{"self":[{"href":"https:\/\/taxijerezcadiz.com\/en\/wp-json\/wp\/v2\/pages\/22","targetHints":{"allow":["GET"]}}],"collection":[{"href":"https:\/\/taxijerezcadiz.com\/en\/wp-json\/wp\/v2\/pages"}],"about":[{"href":"https:\/\/taxijerezcadiz.com\/en\/wp-json\/wp\/v2\/types\/page"}],"author":[{"embeddable":true,"href":"https:\/\/taxijerezcadiz.com\/en\/wp-json\/wp\/v2\/users\/1"}],"replies":[{"embeddable":true,"href":"https:\/\/taxijerezcadiz.com\/en\/wp-json\/wp\/v2\/comments?post=22"}],"version-history":[{"count":29,"href":"https:\/\/taxijerezcadiz.com\/en\/wp-json\/wp\/v2\/pages\/22\/revisions"}],"predecessor-version":[{"id":530,"href":"https:\/\/taxijerezcadiz.com\/en\/wp-json\/wp\/v2\/pages\/22\/revisions\/530"}],"wp:attachment":[{"href":"https:\/\/taxijerezcadiz.com\/en\/wp-json\/wp\/v2\/media?parent=22"}],"curies":[{"name":"wp","href":"https:\/\/api.w.org\/{rel}","templated":true}]}}