{"id":30,"date":"2023-02-14T11:02:51","date_gmt":"2023-02-14T11:02:51","guid":{"rendered":"http:\/\/taxijerezcadiz.com\/?page_id=30"},"modified":"2023-03-16T10:16:36","modified_gmt":"2023-03-16T10:16:36","slug":"servicios-y-prestaciones","status":"publish","type":"page","link":"https:\/\/taxijerezcadiz.com\/en\/servicios-y-prestaciones\/","title":{"rendered":"Services and Features"},"content":{"rendered":"<div data-elementor-type=\"wp-page\" data-elementor-id=\"30\" class=\"elementor elementor-30\" data-elementor-post-type=\"page\">\n\t\t\t\t\t\t<section class=\"elementor-section elementor-top-section elementor-element elementor-element-0a4e54f elementor-section-full_width elementor-section-stretched elementor-section-height-default elementor-section-height-default\" data-id=\"0a4e54f\" data-element_type=\"section\" data-e-type=\"section\" data-settings=\"{&quot;stretch_section&quot;:&quot;section-stretched&quot;}\">\n\t\t\t\t\t\t\t<div class=\"elementor-background-overlay\"><\/div>\n\t\t\t\t\t\t\t<div class=\"elementor-container elementor-column-gap-default\">\n\t\t\t\t\t<div class=\"elementor-column elementor-col-100 elementor-top-column elementor-element elementor-element-5f31182\" data-id=\"5f31182\" data-element_type=\"column\" data-e-type=\"column\">\n\t\t\t<div class=\"elementor-widget-wrap\">\n\t\t\t\t\t\t\t<\/div>\n\t\t<\/div>\n\t\t\t\t\t<\/div>\n\t\t<\/section>\n\t\t\t\t<section class=\"elementor-section elementor-top-section elementor-element elementor-element-f3d4329 elementor-section-boxed elementor-section-height-default elementor-section-height-default\" data-id=\"f3d4329\" data-element_type=\"section\" data-e-type=\"section\">\n\t\t\t\t\t\t<div class=\"elementor-container elementor-column-gap-default\">\n\t\t\t\t\t<div class=\"elementor-column elementor-col-100 elementor-top-column elementor-element elementor-element-fc7afcf\" data-id=\"fc7afcf\" data-element_type=\"column\" data-e-type=\"column\">\n\t\t\t<div class=\"elementor-widget-wrap elementor-element-populated\">\n\t\t\t\t\t\t<div class=\"elementor-element elementor-element-dbf393b elementor-invisible elementor-widget elementor-widget-heading\" data-id=\"dbf393b\" data-element_type=\"widget\" data-e-type=\"widget\" data-settings=\"{&quot;_animation&quot;:&quot;fadeIn&quot;}\" data-widget_type=\"heading.default\">\n\t\t\t\t<div class=\"elementor-widget-container\">\n\t\t\t\t\t<h2 class=\"elementor-heading-title elementor-size-default\">Taxi Services Jerez - C\u00e1diz<\/h2>\t\t\t\t<\/div>\n\t\t\t\t<\/div>\n\t\t\t\t<section class=\"elementor-section elementor-inner-section elementor-element elementor-element-97f9d53 elementor-section-boxed elementor-section-height-default elementor-section-height-default elementor-invisible\" data-id=\"97f9d53\" data-element_type=\"section\" data-e-type=\"section\" data-settings=\"{&quot;animation&quot;:&quot;fadeInRight&quot;}\">\n\t\t\t\t\t\t<div class=\"elementor-container elementor-column-gap-default\">\n\t\t\t\t\t<div class=\"elementor-column elementor-col-50 elementor-inner-column elementor-element elementor-element-7814ceb\" data-id=\"7814ceb\" data-element_type=\"column\" data-e-type=\"column\">\n\t\t\t<div class=\"elementor-widget-wrap elementor-element-populated\">\n\t\t\t\t\t\t<div class=\"elementor-element elementor-element-3ba7f8c elementor-widget elementor-widget-text-editor\" data-id=\"3ba7f8c\" data-element_type=\"widget\" data-e-type=\"widget\" data-widget_type=\"text-editor.default\">\n\t\t\t\t<div class=\"elementor-widget-container\">\n\t\t\t\t\t\t\t\t\t<p>Book with us your arrival at the airport or train station you want and we will be waiting for you promptly with a welcome sign. <br \/><br \/><\/p>\t\t\t\t\t\t\t\t<\/div>\n\t\t\t\t<\/div>\n\t\t\t\t\t<\/div>\n\t\t<\/div>\n\t\t\t\t<div class=\"elementor-column elementor-col-50 elementor-inner-column elementor-element elementor-element-d3d4247\" data-id=\"d3d4247\" data-element_type=\"column\" data-e-type=\"column\">\n\t\t\t<div class=\"elementor-widget-wrap elementor-element-populated\">\n\t\t\t\t\t\t<div class=\"elementor-element elementor-element-382246e elementor-widget elementor-widget-image\" data-id=\"382246e\" data-element_type=\"widget\" data-e-type=\"widget\" data-widget_type=\"image.default\">\n\t\t\t\t<div class=\"elementor-widget-container\">\n\t\t\t\t\t\t\t\t\t\t\t\t\t\t\t<img fetchpriority=\"high\" decoding=\"async\" width=\"1500\" height=\"842\" src=\"https:\/\/taxijerezcadiz.com\/wp-content\/uploads\/2023\/03\/aeropuerto__jerez.jpg\" class=\"attachment-full size-full wp-image-452\" alt=\"\" srcset=\"https:\/\/taxijerezcadiz.com\/wp-content\/uploads\/2023\/03\/aeropuerto__jerez.jpg 1500w, https:\/\/taxijerezcadiz.com\/wp-content\/uploads\/2023\/03\/aeropuerto__jerez-300x168.jpg 300w, https:\/\/taxijerezcadiz.com\/wp-content\/uploads\/2023\/03\/aeropuerto__jerez-1024x575.jpg 1024w, https:\/\/taxijerezcadiz.com\/wp-content\/uploads\/2023\/03\/aeropuerto__jerez-768x431.jpg 768w\" sizes=\"(max-width: 1500px) 100vw, 1500px\" \/>\t\t\t\t\t\t\t\t\t\t\t\t\t\t\t<\/div>\n\t\t\t\t<\/div>\n\t\t\t\t\t<\/div>\n\t\t<\/div>\n\t\t\t\t\t<\/div>\n\t\t<\/section>\n\t\t\t\t<section class=\"elementor-section elementor-inner-section elementor-element elementor-element-49bde1d elementor-reverse-mobile elementor-section-boxed elementor-section-height-default elementor-section-height-default elementor-invisible\" data-id=\"49bde1d\" data-element_type=\"section\" data-e-type=\"section\" data-settings=\"{&quot;animation&quot;:&quot;fadeInLeft&quot;}\">\n\t\t\t\t\t\t<div class=\"elementor-container elementor-column-gap-default\">\n\t\t\t\t\t<div class=\"elementor-column elementor-col-50 elementor-inner-column elementor-element elementor-element-9025288\" data-id=\"9025288\" data-element_type=\"column\" data-e-type=\"column\">\n\t\t\t<div class=\"elementor-widget-wrap elementor-element-populated\">\n\t\t\t\t\t\t<div class=\"elementor-element elementor-element-cc6f382 elementor-widget elementor-widget-image\" data-id=\"cc6f382\" data-element_type=\"widget\" data-e-type=\"widget\" data-widget_type=\"image.default\">\n\t\t\t\t<div class=\"elementor-widget-container\">\n\t\t\t\t\t\t\t\t\t\t\t\t\t\t\t<img decoding=\"async\" width=\"1500\" height=\"842\" src=\"https:\/\/taxijerezcadiz.com\/wp-content\/uploads\/2023\/03\/viaje-coche-playa-carretera.jpg\" class=\"attachment-full size-full wp-image-456\" alt=\"\" srcset=\"https:\/\/taxijerezcadiz.com\/wp-content\/uploads\/2023\/03\/viaje-coche-playa-carretera.jpg 1500w, https:\/\/taxijerezcadiz.com\/wp-content\/uploads\/2023\/03\/viaje-coche-playa-carretera-300x168.jpg 300w, https:\/\/taxijerezcadiz.com\/wp-content\/uploads\/2023\/03\/viaje-coche-playa-carretera-1024x575.jpg 1024w, https:\/\/taxijerezcadiz.com\/wp-content\/uploads\/2023\/03\/viaje-coche-playa-carretera-768x431.jpg 768w\" sizes=\"(max-width: 1500px) 100vw, 1500px\" \/>\t\t\t\t\t\t\t\t\t\t\t\t\t\t\t<\/div>\n\t\t\t\t<\/div>\n\t\t\t\t\t<\/div>\n\t\t<\/div>\n\t\t\t\t<div class=\"elementor-column elementor-col-50 elementor-inner-column elementor-element elementor-element-c2b42f3\" data-id=\"c2b42f3\" data-element_type=\"column\" data-e-type=\"column\">\n\t\t\t<div class=\"elementor-widget-wrap elementor-element-populated\">\n\t\t\t\t\t\t<div class=\"elementor-element elementor-element-b072cb7 elementor-widget elementor-widget-text-editor\" data-id=\"b072cb7\" data-element_type=\"widget\" data-e-type=\"widget\" data-widget_type=\"text-editor.default\">\n\t\t\t\t<div class=\"elementor-widget-container\">\n\t\t\t\t\t\t\t\t\t<p>We carry out tourist routes through the main destinations in the province of C\u00e1diz as well as Seville, M\u00e1laga, C\u00f3rdoba and other provinces.<\/p>\t\t\t\t\t\t\t\t<\/div>\n\t\t\t\t<\/div>\n\t\t\t\t\t<\/div>\n\t\t<\/div>\n\t\t\t\t\t<\/div>\n\t\t<\/section>\n\t\t\t\t<section class=\"elementor-section elementor-inner-section elementor-element elementor-element-32c8987 elementor-section-boxed elementor-section-height-default elementor-section-height-default elementor-invisible\" data-id=\"32c8987\" data-element_type=\"section\" data-e-type=\"section\" data-settings=\"{&quot;animation&quot;:&quot;fadeInRight&quot;}\">\n\t\t\t\t\t\t<div class=\"elementor-container elementor-column-gap-default\">\n\t\t\t\t\t<div class=\"elementor-column elementor-col-50 elementor-inner-column elementor-element elementor-element-577fc84\" data-id=\"577fc84\" data-element_type=\"column\" data-e-type=\"column\">\n\t\t\t<div class=\"elementor-widget-wrap elementor-element-populated\">\n\t\t\t\t\t\t<div class=\"elementor-element elementor-element-c2c4580 elementor-widget elementor-widget-text-editor\" data-id=\"c2c4580\" data-element_type=\"widget\" data-e-type=\"widget\" data-widget_type=\"text-editor.default\">\n\t\t\t\t<div class=\"elementor-widget-container\">\n\t\t\t\t\t\t\t\t\t<p>We have baby seats, boosters that you need.<\/p>\t\t\t\t\t\t\t\t<\/div>\n\t\t\t\t<\/div>\n\t\t\t\t\t<\/div>\n\t\t<\/div>\n\t\t\t\t<div class=\"elementor-column elementor-col-50 elementor-inner-column elementor-element elementor-element-e287607\" data-id=\"e287607\" data-element_type=\"column\" data-e-type=\"column\">\n\t\t\t<div class=\"elementor-widget-wrap elementor-element-populated\">\n\t\t\t\t\t\t<div class=\"elementor-element elementor-element-916bfe8 elementor-widget elementor-widget-image\" data-id=\"916bfe8\" data-element_type=\"widget\" data-e-type=\"widget\" data-widget_type=\"image.default\">\n\t\t\t\t<div class=\"elementor-widget-container\">\n\t\t\t\t\t\t\t\t\t\t\t\t\t\t\t<img decoding=\"async\" width=\"1500\" height=\"842\" src=\"https:\/\/taxijerezcadiz.com\/wp-content\/uploads\/2023\/02\/asiento_bebe.jpg\" class=\"attachment-full size-full wp-image-326\" alt=\"\" srcset=\"https:\/\/taxijerezcadiz.com\/wp-content\/uploads\/2023\/02\/asiento_bebe.jpg 1500w, https:\/\/taxijerezcadiz.com\/wp-content\/uploads\/2023\/02\/asiento_bebe-300x168.jpg 300w, https:\/\/taxijerezcadiz.com\/wp-content\/uploads\/2023\/02\/asiento_bebe-1024x575.jpg 1024w, https:\/\/taxijerezcadiz.com\/wp-content\/uploads\/2023\/02\/asiento_bebe-768x431.jpg 768w\" sizes=\"(max-width: 1500px) 100vw, 1500px\" \/>\t\t\t\t\t\t\t\t\t\t\t\t\t\t\t<\/div>\n\t\t\t\t<\/div>\n\t\t\t\t\t<\/div>\n\t\t<\/div>\n\t\t\t\t\t<\/div>\n\t\t<\/section>\n\t\t\t\t<section class=\"elementor-section elementor-inner-section elementor-element elementor-element-8a8bed0 elementor-reverse-mobile elementor-section-boxed elementor-section-height-default elementor-section-height-default elementor-invisible\" data-id=\"8a8bed0\" data-element_type=\"section\" data-e-type=\"section\" data-settings=\"{&quot;animation&quot;:&quot;fadeInLeft&quot;}\">\n\t\t\t\t\t\t<div class=\"elementor-container elementor-column-gap-default\">\n\t\t\t\t\t<div class=\"elementor-column elementor-col-50 elementor-inner-column elementor-element elementor-element-794e0ae\" data-id=\"794e0ae\" data-element_type=\"column\" data-e-type=\"column\">\n\t\t\t<div class=\"elementor-widget-wrap elementor-element-populated\">\n\t\t\t\t\t\t<div class=\"elementor-element elementor-element-9b0c241 elementor-widget elementor-widget-image\" data-id=\"9b0c241\" data-element_type=\"widget\" data-e-type=\"widget\" data-widget_type=\"image.default\">\n\t\t\t\t<div class=\"elementor-widget-container\">\n\t\t\t\t\t\t\t\t\t\t\t\t\t\t\t<img loading=\"lazy\" decoding=\"async\" width=\"1500\" height=\"842\" src=\"https:\/\/taxijerezcadiz.com\/wp-content\/uploads\/2023\/02\/taxi_adaptado.jpg\" class=\"attachment-full size-full wp-image-325\" alt=\"\" srcset=\"https:\/\/taxijerezcadiz.com\/wp-content\/uploads\/2023\/02\/taxi_adaptado.jpg 1500w, https:\/\/taxijerezcadiz.com\/wp-content\/uploads\/2023\/02\/taxi_adaptado-300x168.jpg 300w, https:\/\/taxijerezcadiz.com\/wp-content\/uploads\/2023\/02\/taxi_adaptado-1024x575.jpg 1024w, https:\/\/taxijerezcadiz.com\/wp-content\/uploads\/2023\/02\/taxi_adaptado-768x431.jpg 768w\" sizes=\"(max-width: 1500px) 100vw, 1500px\" \/>\t\t\t\t\t\t\t\t\t\t\t\t\t\t\t<\/div>\n\t\t\t\t<\/div>\n\t\t\t\t\t<\/div>\n\t\t<\/div>\n\t\t\t\t<div class=\"elementor-column elementor-col-50 elementor-inner-column elementor-element elementor-element-e066cf8\" data-id=\"e066cf8\" data-element_type=\"column\" data-e-type=\"column\">\n\t\t\t<div class=\"elementor-widget-wrap elementor-element-populated\">\n\t\t\t\t\t\t<div class=\"elementor-element elementor-element-eec83f0 elementor-widget elementor-widget-text-editor\" data-id=\"eec83f0\" data-element_type=\"widget\" data-e-type=\"widget\" data-widget_type=\"text-editor.default\">\n\t\t\t\t<div class=\"elementor-widget-container\">\n\t\t\t\t\t\t\t\t\t<p>We have vehicles with 7 seats and for people with reduced mobility.<\/p>\t\t\t\t\t\t\t\t<\/div>\n\t\t\t\t<\/div>\n\t\t\t\t\t<\/div>\n\t\t<\/div>\n\t\t\t\t\t<\/div>\n\t\t<\/section>\n\t\t\t\t<section class=\"elementor-section elementor-inner-section elementor-element elementor-element-6894f63 elementor-section-boxed elementor-section-height-default elementor-section-height-default elementor-invisible\" data-id=\"6894f63\" data-element_type=\"section\" data-e-type=\"section\" data-settings=\"{&quot;animation&quot;:&quot;fadeInRight&quot;}\">\n\t\t\t\t\t\t<div class=\"elementor-container elementor-column-gap-default\">\n\t\t\t\t\t<div class=\"elementor-column elementor-col-50 elementor-inner-column elementor-element elementor-element-05e49e2\" data-id=\"05e49e2\" data-element_type=\"column\" data-e-type=\"column\">\n\t\t\t<div class=\"elementor-widget-wrap elementor-element-populated\">\n\t\t\t\t\t\t<div class=\"elementor-element elementor-element-e3cbe47 elementor-widget elementor-widget-text-editor\" data-id=\"e3cbe47\" data-element_type=\"widget\" data-e-type=\"widget\" data-widget_type=\"text-editor.default\">\n\t\t\t\t<div class=\"elementor-widget-container\">\n\t\t\t\t\t\t\t\t\t<p>Possibility of direct payment or payment by card, Paypal and Bizum.<\/p>\t\t\t\t\t\t\t\t<\/div>\n\t\t\t\t<\/div>\n\t\t\t\t\t<\/div>\n\t\t<\/div>\n\t\t\t\t<div class=\"elementor-column elementor-col-50 elementor-inner-column elementor-element elementor-element-cb27b07\" data-id=\"cb27b07\" data-element_type=\"column\" data-e-type=\"column\">\n\t\t\t<div class=\"elementor-widget-wrap elementor-element-populated\">\n\t\t\t\t\t\t<div class=\"elementor-element elementor-element-d83dfaf elementor-widget elementor-widget-image\" data-id=\"d83dfaf\" data-element_type=\"widget\" data-e-type=\"widget\" data-widget_type=\"image.default\">\n\t\t\t\t<div class=\"elementor-widget-container\">\n\t\t\t\t\t\t\t\t\t\t\t\t\t\t\t<img loading=\"lazy\" decoding=\"async\" width=\"1500\" height=\"842\" src=\"https:\/\/taxijerezcadiz.com\/wp-content\/uploads\/2023\/02\/pagos_tarjeta_paypal_bizum.jpg\" class=\"attachment-full size-full wp-image-330\" alt=\"\" srcset=\"https:\/\/taxijerezcadiz.com\/wp-content\/uploads\/2023\/02\/pagos_tarjeta_paypal_bizum.jpg 1500w, https:\/\/taxijerezcadiz.com\/wp-content\/uploads\/2023\/02\/pagos_tarjeta_paypal_bizum-300x168.jpg 300w, https:\/\/taxijerezcadiz.com\/wp-content\/uploads\/2023\/02\/pagos_tarjeta_paypal_bizum-1024x575.jpg 1024w, https:\/\/taxijerezcadiz.com\/wp-content\/uploads\/2023\/02\/pagos_tarjeta_paypal_bizum-768x431.jpg 768w\" sizes=\"(max-width: 1500px) 100vw, 1500px\" \/>\t\t\t\t\t\t\t\t\t\t\t\t\t\t\t<\/div>\n\t\t\t\t<\/div>\n\t\t\t\t\t<\/div>\n\t\t<\/div>\n\t\t\t\t\t<\/div>\n\t\t<\/section>\n\t\t\t\t\t<\/div>\n\t\t<\/div>\n\t\t\t\t\t<\/div>\n\t\t<\/section>\n\t\t\t\t<\/div>","protected":false},"excerpt":{"rendered":"<p>Servicios Taxi Jerez &#8211; C\u00e1diz Reserva con nosotros su llegada al aeropuerto o estaci\u00f3n de tren que desee y le estaremos esperando puntualmente con un cartel en su bienvenida. Realizamos rutas tur\u00edsticas por los principales destinos de la provincia de C\u00e1diz al igual que Sevilla, M\u00e1laga, C\u00f3rdoba y dem\u00e1s provincias. Disponemos de sillas bebe, alzadores [&hellip;]<\/p>\n","protected":false},"author":1,"featured_media":0,"parent":0,"menu_order":0,"comment_status":"closed","ping_status":"open","template":"","meta":{"_joinchat":[],"footnotes":""},"class_list":["post-30","page","type-page","status-publish","hentry"],"yoast_head":"<!-- This site is optimized with the Yoast SEO plugin v27.3 - https:\/\/yoast.com\/product\/yoast-seo-wordpress\/ -->\n<title>Servicios y Prestaciones - Taxi Jerez C\u00e1diz<\/title>\n<meta name=\"robots\" content=\"index, follow, max-snippet:-1, max-image-preview:large, max-video-preview:-1\" \/>\n<link rel=\"canonical\" href=\"https:\/\/taxijerezcadiz.com\/en\/servicios-y-prestaciones\/\" \/>\n<meta property=\"og:locale\" content=\"en_GB\" \/>\n<meta property=\"og:type\" content=\"article\" \/>\n<meta property=\"og:title\" content=\"Servicios y Prestaciones - Taxi Jerez C\u00e1diz\" \/>\n<meta property=\"og:description\" content=\"Servicios Taxi Jerez &#8211; C\u00e1diz Reserva con nosotros su llegada al aeropuerto o estaci\u00f3n de tren que desee y le estaremos esperando puntualmente con un cartel en su bienvenida. Realizamos rutas tur\u00edsticas por los principales destinos de la provincia de C\u00e1diz al igual que Sevilla, M\u00e1laga, C\u00f3rdoba y dem\u00e1s provincias. Disponemos de sillas bebe, alzadores [&hellip;]\" \/>\n<meta property=\"og:url\" content=\"https:\/\/taxijerezcadiz.com\/en\/servicios-y-prestaciones\/\" \/>\n<meta property=\"og:site_name\" content=\"Taxi Jerez C\u00e1diz\" \/>\n<meta property=\"article:modified_time\" content=\"2023-03-16T10:16:36+00:00\" \/>\n<meta property=\"og:image\" content=\"https:\/\/taxijerezcadiz.com\/wp-content\/uploads\/2023\/03\/aeropuerto__jerez.jpg\" \/>\n<meta name=\"twitter:card\" content=\"summary_large_image\" \/>\n<meta name=\"twitter:label1\" content=\"Estimated reading time\" \/>\n\t<meta name=\"twitter:data1\" content=\"2 minutes\" \/>\n<script type=\"application\/ld+json\" class=\"yoast-schema-graph\">{\"@context\":\"https:\\\/\\\/schema.org\",\"@graph\":[{\"@type\":\"WebPage\",\"@id\":\"https:\\\/\\\/taxijerezcadiz.com\\\/servicios-y-prestaciones\\\/\",\"url\":\"https:\\\/\\\/taxijerezcadiz.com\\\/servicios-y-prestaciones\\\/\",\"name\":\"Servicios y Prestaciones - Taxi Jerez C\u00e1diz\",\"isPartOf\":{\"@id\":\"https:\\\/\\\/taxijerezcadiz.com\\\/#website\"},\"primaryImageOfPage\":{\"@id\":\"https:\\\/\\\/taxijerezcadiz.com\\\/servicios-y-prestaciones\\\/#primaryimage\"},\"image\":{\"@id\":\"https:\\\/\\\/taxijerezcadiz.com\\\/servicios-y-prestaciones\\\/#primaryimage\"},\"thumbnailUrl\":\"http:\\\/\\\/taxijerezcadiz.com\\\/wp-content\\\/uploads\\\/2023\\\/03\\\/aeropuerto__jerez.jpg\",\"datePublished\":\"2023-02-14T11:02:51+00:00\",\"dateModified\":\"2023-03-16T10:16:36+00:00\",\"breadcrumb\":{\"@id\":\"https:\\\/\\\/taxijerezcadiz.com\\\/servicios-y-prestaciones\\\/#breadcrumb\"},\"inLanguage\":\"en-GB\",\"potentialAction\":[{\"@type\":\"ReadAction\",\"target\":[\"https:\\\/\\\/taxijerezcadiz.com\\\/servicios-y-prestaciones\\\/\"]}]},{\"@type\":\"ImageObject\",\"inLanguage\":\"en-GB\",\"@id\":\"https:\\\/\\\/taxijerezcadiz.com\\\/servicios-y-prestaciones\\\/#primaryimage\",\"url\":\"http:\\\/\\\/taxijerezcadiz.com\\\/wp-content\\\/uploads\\\/2023\\\/03\\\/aeropuerto__jerez.jpg\",\"contentUrl\":\"http:\\\/\\\/taxijerezcadiz.com\\\/wp-content\\\/uploads\\\/2023\\\/03\\\/aeropuerto__jerez.jpg\"},{\"@type\":\"BreadcrumbList\",\"@id\":\"https:\\\/\\\/taxijerezcadiz.com\\\/servicios-y-prestaciones\\\/#breadcrumb\",\"itemListElement\":[{\"@type\":\"ListItem\",\"position\":1,\"name\":\"Portada\",\"item\":\"https:\\\/\\\/taxijerezcadiz.com\\\/\"},{\"@type\":\"ListItem\",\"position\":2,\"name\":\"Servicios y Prestaciones\"}]},{\"@type\":\"WebSite\",\"@id\":\"https:\\\/\\\/taxijerezcadiz.com\\\/#website\",\"url\":\"https:\\\/\\\/taxijerezcadiz.com\\\/\",\"name\":\"Taxi Jerez C\u00e1diz\",\"description\":\"\",\"publisher\":{\"@id\":\"https:\\\/\\\/taxijerezcadiz.com\\\/#organization\"},\"potentialAction\":[{\"@type\":\"SearchAction\",\"target\":{\"@type\":\"EntryPoint\",\"urlTemplate\":\"https:\\\/\\\/taxijerezcadiz.com\\\/?s={search_term_string}\"},\"query-input\":{\"@type\":\"PropertyValueSpecification\",\"valueRequired\":true,\"valueName\":\"search_term_string\"}}],\"inLanguage\":\"en-GB\"},{\"@type\":\"Organization\",\"@id\":\"https:\\\/\\\/taxijerezcadiz.com\\\/#organization\",\"name\":\"Taxi Jerez C\u00e1diz\",\"url\":\"https:\\\/\\\/taxijerezcadiz.com\\\/\",\"logo\":{\"@type\":\"ImageObject\",\"inLanguage\":\"en-GB\",\"@id\":\"https:\\\/\\\/taxijerezcadiz.com\\\/#\\\/schema\\\/logo\\\/image\\\/\",\"url\":\"https:\\\/\\\/taxijerezcadiz.com\\\/wp-content\\\/uploads\\\/2023\\\/02\\\/logo_taxi.png\",\"contentUrl\":\"https:\\\/\\\/taxijerezcadiz.com\\\/wp-content\\\/uploads\\\/2023\\\/02\\\/logo_taxi.png\",\"width\":801,\"height\":801,\"caption\":\"Taxi Jerez C\u00e1diz\"},\"image\":{\"@id\":\"https:\\\/\\\/taxijerezcadiz.com\\\/#\\\/schema\\\/logo\\\/image\\\/\"}}]}<\/script>\n<!-- \/ Yoast SEO plugin. -->","yoast_head_json":{"title":"Servicios y Prestaciones - Taxi Jerez C\u00e1diz","robots":{"index":"index","follow":"follow","max-snippet":"max-snippet:-1","max-image-preview":"max-image-preview:large","max-video-preview":"max-video-preview:-1"},"canonical":"https:\/\/taxijerezcadiz.com\/en\/servicios-y-prestaciones\/","og_locale":"en_GB","og_type":"article","og_title":"Servicios y Prestaciones - Taxi Jerez C\u00e1diz","og_description":"Servicios Taxi Jerez &#8211; C\u00e1diz Reserva con nosotros su llegada al aeropuerto o estaci\u00f3n de tren que desee y le estaremos esperando puntualmente con un cartel en su bienvenida. Realizamos rutas tur\u00edsticas por los principales destinos de la provincia de C\u00e1diz al igual que Sevilla, M\u00e1laga, C\u00f3rdoba y dem\u00e1s provincias. Disponemos de sillas bebe, alzadores [&hellip;]","og_url":"https:\/\/taxijerezcadiz.com\/en\/servicios-y-prestaciones\/","og_site_name":"Taxi Jerez C\u00e1diz","article_modified_time":"2023-03-16T10:16:36+00:00","og_image":[{"url":"https:\/\/taxijerezcadiz.com\/wp-content\/uploads\/2023\/03\/aeropuerto__jerez.jpg","type":"","width":"","height":""}],"twitter_card":"summary_large_image","twitter_misc":{"Estimated reading time":"2 minutes"},"schema":{"@context":"https:\/\/schema.org","@graph":[{"@type":"WebPage","@id":"https:\/\/taxijerezcadiz.com\/servicios-y-prestaciones\/","url":"https:\/\/taxijerezcadiz.com\/servicios-y-prestaciones\/","name":"Servicios y Prestaciones - Taxi Jerez C\u00e1diz","isPartOf":{"@id":"https:\/\/taxijerezcadiz.com\/#website"},"primaryImageOfPage":{"@id":"https:\/\/taxijerezcadiz.com\/servicios-y-prestaciones\/#primaryimage"},"image":{"@id":"https:\/\/taxijerezcadiz.com\/servicios-y-prestaciones\/#primaryimage"},"thumbnailUrl":"http:\/\/taxijerezcadiz.com\/wp-content\/uploads\/2023\/03\/aeropuerto__jerez.jpg","datePublished":"2023-02-14T11:02:51+00:00","dateModified":"2023-03-16T10:16:36+00:00","breadcrumb":{"@id":"https:\/\/taxijerezcadiz.com\/servicios-y-prestaciones\/#breadcrumb"},"inLanguage":"en-GB","potentialAction":[{"@type":"ReadAction","target":["https:\/\/taxijerezcadiz.com\/servicios-y-prestaciones\/"]}]},{"@type":"ImageObject","inLanguage":"en-GB","@id":"https:\/\/taxijerezcadiz.com\/servicios-y-prestaciones\/#primaryimage","url":"http:\/\/taxijerezcadiz.com\/wp-content\/uploads\/2023\/03\/aeropuerto__jerez.jpg","contentUrl":"http:\/\/taxijerezcadiz.com\/wp-content\/uploads\/2023\/03\/aeropuerto__jerez.jpg"},{"@type":"BreadcrumbList","@id":"https:\/\/taxijerezcadiz.com\/servicios-y-prestaciones\/#breadcrumb","itemListElement":[{"@type":"ListItem","position":1,"name":"Portada","item":"https:\/\/taxijerezcadiz.com\/"},{"@type":"ListItem","position":2,"name":"Servicios y Prestaciones"}]},{"@type":"WebSite","@id":"https:\/\/taxijerezcadiz.com\/#website","url":"https:\/\/taxijerezcadiz.com\/","name":"Taxi Jerez C\u00e1diz","description":"","publisher":{"@id":"https:\/\/taxijerezcadiz.com\/#organization"},"potentialAction":[{"@type":"SearchAction","target":{"@type":"EntryPoint","urlTemplate":"https:\/\/taxijerezcadiz.com\/?s={search_term_string}"},"query-input":{"@type":"PropertyValueSpecification","valueRequired":true,"valueName":"search_term_string"}}],"inLanguage":"en-GB"},{"@type":"Organization","@id":"https:\/\/taxijerezcadiz.com\/#organization","name":"Taxi Jerez C\u00e1diz","url":"https:\/\/taxijerezcadiz.com\/","logo":{"@type":"ImageObject","inLanguage":"en-GB","@id":"https:\/\/taxijerezcadiz.com\/#\/schema\/logo\/image\/","url":"https:\/\/taxijerezcadiz.com\/wp-content\/uploads\/2023\/02\/logo_taxi.png","contentUrl":"https:\/\/taxijerezcadiz.com\/wp-content\/uploads\/2023\/02\/logo_taxi.png","width":801,"height":801,"caption":"Taxi Jerez C\u00e1diz"},"image":{"@id":"https:\/\/taxijerezcadiz.com\/#\/schema\/logo\/image\/"}}]}},"_links":{"self":[{"href":"https:\/\/taxijerezcadiz.com\/en\/wp-json\/wp\/v2\/pages\/30","targetHints":{"allow":["GET"]}}],"collection":[{"href":"https:\/\/taxijerezcadiz.com\/en\/wp-json\/wp\/v2\/pages"}],"about":[{"href":"https:\/\/taxijerezcadiz.com\/en\/wp-json\/wp\/v2\/types\/page"}],"author":[{"embeddable":true,"href":"https:\/\/taxijerezcadiz.com\/en\/wp-json\/wp\/v2\/users\/1"}],"replies":[{"embeddable":true,"href":"https:\/\/taxijerezcadiz.com\/en\/wp-json\/wp\/v2\/comments?post=30"}],"version-history":[{"count":53,"href":"https:\/\/taxijerezcadiz.com\/en\/wp-json\/wp\/v2\/pages\/30\/revisions"}],"predecessor-version":[{"id":459,"href":"https:\/\/taxijerezcadiz.com\/en\/wp-json\/wp\/v2\/pages\/30\/revisions\/459"}],"wp:attachment":[{"href":"https:\/\/taxijerezcadiz.com\/en\/wp-json\/wp\/v2\/media?parent=30"}],"curies":[{"name":"wp","href":"https:\/\/api.w.org\/{rel}","templated":true}]}}